{"id":243,"date":"2016-01-01T12:09:21","date_gmt":"2016-01-01T11:09:21","guid":{"rendered":"http:\/\/engineertroops.no-ip.org\/domarringen\/?page_id=243"},"modified":"2024-12-28T13:24:15","modified_gmt":"2024-12-28T12:24:15","slug":"vattenavlasning","status":"publish","type":"page","link":"https:\/\/domarringen.eu\/index.php\/vattenavlasning\/","title":{"rendered":"Vattenavl\u00e4sning"},"content":{"rendered":"<div id=\"pl-243\"  class=\"panel-layout\" ><div id=\"pg-243-0\"  class=\"panel-grid panel-no-style\" ><div id=\"pgc-243-0-0\"  class=\"panel-grid-cell\" ><div id=\"panel-243-0-0-0\" class=\"so-panel widget widget_black-studio-tinymce widget_black_studio_tinymce panel-first-child\" data-index=\"0\" ><div class=\"textwidget\"><p><span class=\"\" style=\"display:block;clear:both;height: 0px;padding-top: 1px;border-top-width:0px;border-bottom-width:0px;\"><\/span><\/p>\n<\/div><\/div><div id=\"panel-243-0-0-1\" class=\"so-panel widget widget_black-studio-tinymce widget_black_studio_tinymce panel-last-child\" data-index=\"1\" ><div class=\"textwidget\"><p><span class=\"\" style=\"display:block;clear:both;height: 0px;padding-top: 60px;border-top-width:0px;border-bottom-width:0px;\"><\/span><\/p>\n<p>En g\u00e5ng om \u00e5ret regleras vattenf\u00f6rbrukningen<\/p>\n<p>F\u00f6r detta beh\u00f6vs avl\u00e4sning av m\u00e4tarst\u00e4llningen p\u00e5 hush\u00e5llets kallvattenm\u00e4tare. M\u00e4taren sitter i tv\u00e4ttstugan p\u00e5 inkommande vattenledning strax ovanf\u00f6r golvet.<\/p>\n<p>L\u00e4s av m\u00e4taren <strong>senast den 6 januari<\/strong> och fyll i uppgifterna h\u00e4r intill, alternativt l\u00e4mna uppgifterna till Magnus \u00c5kesson, Nejlikev\u00e4gen 66.<\/p>\n<\/div><\/div><\/div><div id=\"pgc-243-0-1\"  class=\"panel-grid-cell\" ><div id=\"panel-243-0-1-0\" class=\"so-panel widget widget_black-studio-tinymce widget_black_studio_tinymce panel-first-child panel-last-child\" data-index=\"2\" ><div class=\"textwidget\"><p><span class=\"\" style=\"display:block;clear:both;height: 0px;padding-top: 1px;border-top-width:0px;border-bottom-width:0px;\"><\/span><\/p>\n<h1>Vattenavl\u00e4sning<\/h1>\n<p><span class=\"\" style=\"display:block;clear:both;height: 0px;padding-top: 13px;border-top-width:0px;border-bottom-width:0px;\"><\/span><\/p>\n<p><div role=\"form\" class=\"wpcf7\" id=\"wpcf7-f242-o1\" lang=\"sv-SE\" dir=\"ltr\">\n<div class=\"screen-reader-response\"><p role=\"status\" aria-live=\"polite\" aria-atomic=\"true\"><\/p> <ul><\/ul><\/div>\n<form action=\"\/index.php\/wp-json\/wp\/v2\/pages\/243#wpcf7-f242-o1\" method=\"post\" class=\"wpcf7-form init\" novalidate=\"novalidate\" data-status=\"init\">\n<div style=\"display: none;\">\n<input type=\"hidden\" name=\"_wpcf7\" value=\"242\" \/>\n<input type=\"hidden\" name=\"_wpcf7_version\" value=\"5.5.6\" \/>\n<input type=\"hidden\" name=\"_wpcf7_locale\" value=\"sv_SE\" \/>\n<input type=\"hidden\" name=\"_wpcf7_unit_tag\" value=\"wpcf7-f242-o1\" \/>\n<input type=\"hidden\" name=\"_wpcf7_container_post\" value=\"0\" \/>\n<input type=\"hidden\" name=\"_wpcf7_posted_data_hash\" value=\"\" \/>\n<\/div>\n<p>           Namn:<br \/><span class=\"wpcf7-form-control-wrap your-name\"><input type=\"text\" name=\"your-name\" value=\"\" size=\"40\" class=\"wpcf7-form-control wpcf7-text wpcf7-validates-as-required\" aria-required=\"true\" aria-invalid=\"false\" \/><\/span> <\/p>\n<p>     Gatuadress:<br \/><span class=\"wpcf7-form-control-wrap gatuadress\"><input type=\"text\" name=\"gatuadress\" value=\"\" size=\"40\" class=\"wpcf7-form-control wpcf7-text wpcf7-validates-as-required\" aria-required=\"true\" aria-invalid=\"false\" \/><\/span> <\/p>\n<p>     Epost:<br \/><span class=\"wpcf7-form-control-wrap your-email\"><input type=\"email\" name=\"your-email\" value=\"\" size=\"40\" class=\"wpcf7-form-control wpcf7-text wpcf7-email wpcf7-validates-as-required wpcf7-validates-as-email\" aria-required=\"true\" aria-invalid=\"false\" \/><\/span> <\/p>\n<p> M\u00e4tarst\u00e4llning: ( 5 siffror )<br \/><span class=\"wpcf7-form-control-wrap WaterReading\"><input type=\"text\" name=\"WaterReading\" value=\"\" size=\"40\" class=\"wpcf7-form-control wpcf7-text wpcf7-validates-as-required\" aria-required=\"true\" aria-invalid=\"false\" \/><\/span> <\/p>\n<p>Avl\u00e4sningsdatum: \u00c5\u00c5MMDD<br \/><span class=\"wpcf7-form-control-wrap ReadingDate\"><input type=\"text\" name=\"ReadingDate\" value=\"\" size=\"40\" class=\"wpcf7-form-control wpcf7-text wpcf7-validates-as-required\" aria-required=\"true\" aria-invalid=\"false\" \/><\/span> <\/p>\n<p><span class=\"wpcf7-form-control-wrap accept-this-1\"><span class=\"wpcf7-form-control wpcf7-acceptance\"><span class=\"wpcf7-list-item\"><label><input type=\"checkbox\" name=\"accept-this-1\" value=\"1\" aria-invalid=\"false\" \/><span class=\"wpcf7-list-item-label\">Allt r\u00e4ttstavat och klart.<\/span><\/label><\/span><\/span><\/span><\/p>\n<p><input type=\"submit\" value=\"Skicka\" class=\"wpcf7-form-control has-spinner wpcf7-submit\" \/><\/p>\n<div class=\"wpcf7-response-output\" aria-hidden=\"true\"><\/div><\/form><\/div><\/p>\n<\/div><\/div><\/div><div id=\"pgc-243-0-2\"  class=\"panel-grid-cell\" ><div id=\"panel-243-0-2-0\" class=\"so-panel widget widget_black-studio-tinymce widget_black_studio_tinymce panel-first-child\" data-index=\"3\" ><div class=\"textwidget\"><p><span class=\"\" style=\"display:block;clear:both;height: 0px;padding-top: 1px;border-top-width:0px;border-bottom-width:0px;\"><\/span><\/p>\n<p>\u00a0<\/p>\n<\/div><\/div><div id=\"panel-243-0-2-1\" class=\"so-panel widget widget_sow-image panel-last-child\" data-index=\"4\" ><div class=\"panel-widget-style panel-widget-style-for-243-0-2-1\" ><div\n\t\t\t\n\t\t\tclass=\"so-widget-sow-image so-widget-sow-image-default-8b5b6f678277-243\"\n\t\t\t\n\t\t>\n<div class=\"sow-image-container\">\n\t\t<img src=\"https:\/\/domarringen.eu\/wp-content\/uploads\/2016\/01\/watermeter-1010x1024.png\" width=\"720\" height=\"730\" srcset=\"https:\/\/domarringen.eu\/wp-content\/uploads\/2016\/01\/watermeter-1010x1024.png 1010w, https:\/\/domarringen.eu\/wp-content\/uploads\/2016\/01\/watermeter-296x300.png 296w, https:\/\/domarringen.eu\/wp-content\/uploads\/2016\/01\/watermeter.png 1640w\" sizes=\"(max-width: 720px) 100vw, 720px\" alt=\"\" loading=\"lazy\" \t\tclass=\"so-widget-image\"\/>\n\t<\/div>\n\n<\/div><\/div><\/div><\/div><\/div><div id=\"pg-243-1\"  class=\"panel-grid panel-no-style\" ><div id=\"pgc-243-1-0\"  class=\"panel-grid-cell panel-grid-cell-empty\" ><\/div><div id=\"pgc-243-1-1\"  class=\"panel-grid-cell panel-grid-cell-empty panel-grid-cell-mobile-last\" ><\/div><div id=\"pgc-243-1-2\"  class=\"panel-grid-cell panel-grid-cell-empty\" ><\/div><\/div><\/div>","protected":false},"excerpt":{"rendered":"<p>En g\u00e5ng om \u00e5ret regleras vattenf\u00f6rbrukningen F\u00f6r detta beh\u00f6vs avl\u00e4sning av m\u00e4tarst\u00e4llningen p\u00e5 hush\u00e5llets kallvattenm\u00e4tare. M\u00e4taren sitter i tv\u00e4ttstugan p\u00e5 inkommande vattenledning strax ovanf\u00f6r golvet. L\u00e4s av m\u00e4taren senast den 6 januari och fyll i uppgifterna h\u00e4r intill, alternativt l\u00e4mna uppgifterna till Magnus \u00c5kesson, Nejlikev\u00e4gen 66. Vattenavl\u00e4sning \u00a0<\/p>\n","protected":false},"author":1,"featured_media":0,"parent":0,"menu_order":0,"comment_status":"open","ping_status":"closed","template":"home-panels.php","meta":{"_mi_skip_tracking":false},"_links":{"self":[{"href":"https:\/\/domarringen.eu\/index.php\/wp-json\/wp\/v2\/pages\/243"}],"collection":[{"href":"https:\/\/domarringen.eu\/index.php\/wp-json\/wp\/v2\/pages"}],"about":[{"href":"https:\/\/domarringen.eu\/index.php\/wp-json\/wp\/v2\/types\/page"}],"author":[{"embeddable":true,"href":"https:\/\/domarringen.eu\/index.php\/wp-json\/wp\/v2\/users\/1"}],"replies":[{"embeddable":true,"href":"https:\/\/domarringen.eu\/index.php\/wp-json\/wp\/v2\/comments?post=243"}],"version-history":[{"count":43,"href":"https:\/\/domarringen.eu\/index.php\/wp-json\/wp\/v2\/pages\/243\/revisions"}],"predecessor-version":[{"id":652,"href":"https:\/\/domarringen.eu\/index.php\/wp-json\/wp\/v2\/pages\/243\/revisions\/652"}],"wp:attachment":[{"href":"https:\/\/domarringen.eu\/index.php\/wp-json\/wp\/v2\/media?parent=243"}],"curies":[{"name":"wp","href":"https:\/\/api.w.org\/{rel}","templated":true}]}}