{"id":286,"date":"2016-02-23T11:41:00","date_gmt":"2016-02-23T10:41:00","guid":{"rendered":"http:\/\/engineertroops.no-ip.org\/domarringen\/?page_id=286"},"modified":"2023-07-16T18:18:08","modified_gmt":"2023-07-16T16:18:08","slug":"fargkoder-till-malade-ytor","status":"publish","type":"page","link":"https:\/\/domarringen.eu\/index.php\/underhall\/fargkoder-till-malade-ytor\/","title":{"rendered":"F\u00e4rgkoder till m\u00e5lade ytor"},"content":{"rendered":"<div id=\"pl-286\"  class=\"panel-layout\" ><div id=\"pg-286-0\"  class=\"panel-grid panel-no-style\" ><div id=\"pgc-286-0-0\"  class=\"panel-grid-cell\" ><div id=\"panel-286-0-0-0\" class=\"so-panel widget widget_black-studio-tinymce widget_black_studio_tinymce panel-first-child panel-last-child\" data-index=\"0\" ><div class=\"textwidget\"><p><span class=\"\" style=\"display:block;clear:both;height: 0px;padding-top: 8px;border-top-width:0px;border-bottom-width:0px;\"><\/span><\/p>\n<p><strong>liggande panel (r\u00f6da husen)\u00a0\u00a0<\/strong><\/p>\n<p>NCS 4040-Y80R<\/p>\n<p><strong>friggebod gul<\/strong><\/p>\n<p>NCS 3040 Y30R<\/p>\n<p><strong>st\u00e5ende panel<\/strong><\/p>\n<p>NCS 2020-Y30R<\/p>\n<p><strong>d\u00f6rr brun<\/strong><\/p>\n<p>NCS 6030 Y70R<\/p>\n<p><strong>d\u00f6rr gr\u00e5<\/strong><\/p>\n<p>NCS S 7005-Y80R<\/p>\n<p><strong>F\u00f6rr\u00e5d Nejlikev\u00e4gen 56 gr\u00e5<\/strong><\/p>\n<p>NCS S 7005-Y80R<\/p>\n<p><strong>Vita tr\u00e4ytor<\/strong><\/p>\n<p>NCS-0500<\/p>\n<\/div><\/div><\/div><div id=\"pgc-286-0-1\"  class=\"panel-grid-cell\" ><div id=\"panel-286-0-1-0\" class=\"so-panel widget widget_sow-image panel-first-child panel-last-child\" data-index=\"1\" ><div class=\"panel-widget-style panel-widget-style-for-286-0-1-0\" ><div\n\t\t\t\n\t\t\tclass=\"so-widget-sow-image so-widget-sow-image-default-8b5b6f678277-286\"\n\t\t\t\n\t\t>\n<div class=\"sow-image-container\">\n\t\t<img src=\"https:\/\/domarringen.eu\/wp-content\/uploads\/2016\/02\/fargkoder-2.png\" width=\"102\" height=\"437\" sizes=\"(max-width: 102px) 100vw, 102px\" alt=\"\" loading=\"lazy\" \t\tclass=\"so-widget-image\"\/>\n\t<\/div>\n\n<\/div><\/div><\/div><\/div><div id=\"pgc-286-0-2\"  class=\"panel-grid-cell panel-grid-cell-empty panel-grid-cell-mobile-last\" ><\/div><div id=\"pgc-286-0-3\"  class=\"panel-grid-cell panel-grid-cell-empty\" ><\/div><\/div><\/div>","protected":false},"excerpt":{"rendered":"<p>liggande panel (r\u00f6da husen)\u00a0\u00a0 NCS 4040-Y80R friggebod gul NCS 3040 Y30R st\u00e5ende panel NCS 2020-Y30R d\u00f6rr brun NCS 6030 Y70R d\u00f6rr gr\u00e5 NCS S 7005-Y80R F\u00f6rr\u00e5d Nejlikev\u00e4gen 56 gr\u00e5 NCS S 7005-Y80R Vita tr\u00e4ytor NCS-0500<\/p>\n","protected":false},"author":1,"featured_media":0,"parent":302,"menu_order":0,"comment_status":"open","ping_status":"closed","template":"home-panels.php","meta":{"_mi_skip_tracking":false},"_links":{"self":[{"href":"https:\/\/domarringen.eu\/index.php\/wp-json\/wp\/v2\/pages\/286"}],"collection":[{"href":"https:\/\/domarringen.eu\/index.php\/wp-json\/wp\/v2\/pages"}],"about":[{"href":"https:\/\/domarringen.eu\/index.php\/wp-json\/wp\/v2\/types\/page"}],"author":[{"embeddable":true,"href":"https:\/\/domarringen.eu\/index.php\/wp-json\/wp\/v2\/users\/1"}],"replies":[{"embeddable":true,"href":"https:\/\/domarringen.eu\/index.php\/wp-json\/wp\/v2\/comments?post=286"}],"version-history":[{"count":18,"href":"https:\/\/domarringen.eu\/index.php\/wp-json\/wp\/v2\/pages\/286\/revisions"}],"predecessor-version":[{"id":597,"href":"https:\/\/domarringen.eu\/index.php\/wp-json\/wp\/v2\/pages\/286\/revisions\/597"}],"up":[{"embeddable":true,"href":"https:\/\/domarringen.eu\/index.php\/wp-json\/wp\/v2\/pages\/302"}],"wp:attachment":[{"href":"https:\/\/domarringen.eu\/index.php\/wp-json\/wp\/v2\/media?parent=286"}],"curies":[{"name":"wp","href":"https:\/\/api.w.org\/{rel}","templated":true}]}}