{"id":398,"date":"2019-10-02T16:20:13","date_gmt":"2019-10-02T14:20:13","guid":{"rendered":"http:\/\/51.75.161.103\/domarringen\/?page_id=398"},"modified":"2022-10-30T08:04:34","modified_gmt":"2022-10-30T07:04:34","slug":"info","status":"publish","type":"page","link":"https:\/\/domarringen.eu\/index.php\/info\/","title":{"rendered":"Info"},"content":{"rendered":"<div id=\"pl-398\"  class=\"panel-layout\" ><div id=\"pg-398-0\"  class=\"panel-grid panel-no-style\" ><div id=\"pgc-398-0-0\"  class=\"panel-grid-cell\" ><div id=\"panel-398-0-0-0\" class=\"so-panel widget widget_sow-editor panel-first-child panel-last-child\" data-index=\"0\" ><div\n\t\t\t\n\t\t\tclass=\"so-widget-sow-editor so-widget-sow-editor-base\"\n\t\t\t\n\t\t>\n<div class=\"siteorigin-widget-tinymce textwidget\">\n\t<h2>Allm\u00e4nt<\/h2>\n<p>Domarringens Samf\u00e4llighetsf\u00f6rening omfattar 43 hush\u00e5ll p\u00e5 Nejlikev\u00e4gen och Dahliav\u00e4gen i \u00c4ngelholm. Genom Samf\u00e4llighetsf\u00f6reningen \u00e4ger och f\u00f6rvaltar vi gemensamt omr\u00e5dets parkeringsplatser, gr\u00f6nomr\u00e5den, sophus och gemensamhetslokaler, vattenledningar.<\/p>\n<h2>M\u00e5nadsavgift<\/h2>\n<p>I m\u00e5nadsavgiften ing\u00e5r:<\/p>\n<ul>\n<li>Soph\u00e4mtning inklusive fasta avgifter och p\u00e5sar f\u00f6r organiskt avfall<\/li>\n<li>H\u00e4mtning av tr\u00e4dg\u00e5rdsavfall<\/li>\n<li>Fasta avgifter f\u00f6r vatten &amp; avlopp<\/li>\n<li>Sk\u00f6tsel av gemensamma lokaler och anl\u00e4ggningar som gr\u00f6nytor, lekplatser och g\u00e5rdsgator<\/li>\n<\/ul>\n<h2>Debitering av vatten &amp; avlopp<\/h2>\n<p>Medlemmarna debiteras av samf\u00e4llighetsf\u00f6reningen f\u00f6r sin vattenf\u00f6rbrukning. Vi tar ut samma avgift som \u00c4ngelholms Kommun. Varje hus \u00e4r f\u00f6rsett med en vattenm\u00e4tare som vi l\u00e4ser av vid \u00e5rsskiftet och d\u00e4refter g\u00f6rs en avst\u00e4mning av respektive medlems f\u00f6rbrukning. Reglering sker p\u00e5 avgiftsavin f\u00f6r kvartal 2, dvs p\u00e5 den som f\u00f6rfaller 31 mars.<\/p>\n<p>Medlemmarna prelimin\u00e4rdebiteras i f\u00f6rskott f\u00f6r vattenf\u00f6rbrukningen. Antalet m<sup>3<\/sup> som ni prelimin\u00e4rdebiteras f\u00f6r framg\u00e5r av avgiftsavin. Kontakta samf\u00e4llighetsf\u00f6reningen om ni vill \u00e4ndra prelimin\u00e4rdebiteringen.<\/p>\n<h2>Parkeringar<\/h2>\n<p>Samf\u00e4llighetsf\u00f6reningen har 47 parkeringsplatser vilka kan hyras av medlemmarna.<\/p>\n<p>Vi har ocks\u00e5 ett antal bes\u00f6ksparkeringar och dessa \u00e4r avsedda f\u00f6r just bes\u00f6kare och f\u00e5r endast i undantagsfall och tillf\u00e4lligtvis anv\u00e4ndas av boende i omr\u00e5det. Att regelbundet utnyttja f\u00f6reningens bes\u00f6ksplatser f\u00f6r att undvika att hyra P-plats till sin bil \u00e4r inte till\u00e5tet.<\/p>\n<h2>\u00d6vrigt\u2026<\/h2>\n<p>Vi f\u00e5r ibland fr\u00e5gan om varf\u00f6r vi har en samf\u00e4llighetsf\u00f6rening och om vi har n\u00e5gon nytta av den, och det \u00e4r ju relevant att fr\u00e5ga sig. Starka argument f\u00f6r samf\u00e4llighetsf\u00f6reningen \u00e4r att vi alla sparar cirka 400 kr per m\u00e5nad, framf\u00f6rallt genom att vi delar p\u00e5 fasta kostnader, anslutningsavgifter och sophantering, j\u00e4mf\u00f6rt med andra villor i \u00c4ngelholms Kommun.<\/p>\n<\/div>\n<\/div><\/div><\/div><\/div><\/div>","protected":false},"excerpt":{"rendered":"<p>Allm\u00e4nt Domarringens Samf\u00e4llighetsf\u00f6rening omfattar 43 hush\u00e5ll p\u00e5 Nejlikev\u00e4gen och Dahliav\u00e4gen i \u00c4ngelholm. Genom Samf\u00e4llighetsf\u00f6reningen \u00e4ger och f\u00f6rvaltar vi gemensamt omr\u00e5dets parkeringsplatser, gr\u00f6nomr\u00e5den, sophus och gemensamhetslokaler, vattenledningar. M\u00e5nadsavgift I m\u00e5nadsavgiften ing\u00e5r: Soph\u00e4mtning inklusive fasta avgifter och p\u00e5sar f\u00f6r organiskt avfall H\u00e4mtning av tr\u00e4dg\u00e5rdsavfall Fasta avgifter f\u00f6r vatten &amp; avlopp Sk\u00f6tsel av gemensamma lokaler och anl\u00e4ggningar som [&hellip;]<\/p>\n","protected":false},"author":1,"featured_media":0,"parent":0,"menu_order":0,"comment_status":"closed","ping_status":"closed","template":"home-panels.php","meta":{"_mi_skip_tracking":false},"_links":{"self":[{"href":"https:\/\/domarringen.eu\/index.php\/wp-json\/wp\/v2\/pages\/398"}],"collection":[{"href":"https:\/\/domarringen.eu\/index.php\/wp-json\/wp\/v2\/pages"}],"about":[{"href":"https:\/\/domarringen.eu\/index.php\/wp-json\/wp\/v2\/types\/page"}],"author":[{"embeddable":true,"href":"https:\/\/domarringen.eu\/index.php\/wp-json\/wp\/v2\/users\/1"}],"replies":[{"embeddable":true,"href":"https:\/\/domarringen.eu\/index.php\/wp-json\/wp\/v2\/comments?post=398"}],"version-history":[{"count":6,"href":"https:\/\/domarringen.eu\/index.php\/wp-json\/wp\/v2\/pages\/398\/revisions"}],"predecessor-version":[{"id":571,"href":"https:\/\/domarringen.eu\/index.php\/wp-json\/wp\/v2\/pages\/398\/revisions\/571"}],"wp:attachment":[{"href":"https:\/\/domarringen.eu\/index.php\/wp-json\/wp\/v2\/media?parent=398"}],"curies":[{"name":"wp","href":"https:\/\/api.w.org\/{rel}","templated":true}]}}