{"id":400,"date":"2019-10-02T16:20:50","date_gmt":"2019-10-02T14:20:50","guid":{"rendered":"http:\/\/51.75.161.103\/domarringen\/?page_id=400"},"modified":"2022-03-06T13:28:19","modified_gmt":"2022-03-06T12:28:19","slug":"sophantering","status":"publish","type":"page","link":"https:\/\/domarringen.eu\/index.php\/sophantering\/","title":{"rendered":"Sophantering"},"content":{"rendered":"<div id=\"pl-400\"  class=\"panel-layout\" ><div id=\"pg-400-0\"  class=\"panel-grid panel-no-style\" ><div id=\"pgc-400-0-0\"  class=\"panel-grid-cell\" ><div id=\"panel-400-0-0-0\" class=\"so-panel widget widget_sow-editor panel-first-child panel-last-child\" data-index=\"0\" ><div\n\t\t\t\n\t\t\tclass=\"so-widget-sow-editor so-widget-sow-editor-base\"\n\t\t\t\n\t\t>\n<div class=\"siteorigin-widget-tinymce textwidget\">\n\t<h2>Sophantering<\/h2>\n<p>Vi har tv\u00e5 sophus f\u00f6r k\u00e4llsortering p\u00e5 omr\u00e5det. D\u00e4r kan man ocks\u00e5 h\u00e4mta pappersp\u00e5sar f\u00f6r organiskt avfall. Var noggrann med att l\u00e5sa och h\u00e5lla ordning i soprummen. Observera att k\u00e4llsorteringen avser hush\u00e5llsavfall. Gr\u00f6vre avfall (grovsopor som t ex m\u00f6bler, elektronik, maskiner etc) f\u00e5r inte l\u00e4mnas i soprummen utan ska l\u00e4mnas p\u00e5 \u00e5tervinningsg\u00e5rden.<\/p>\n<p>Ordningen i soprummen \u00e4r v\u00e5rt gemensamma ansvar och f\u00f6r att uppr\u00e4tth\u00e5lla en dr\u00e4glig niv\u00e5 ber vi samtliga att beakta f\u00f6ljande:<\/p>\n<ul>\n<li>Observera att k\u00e4llsorteringsk\u00e4rlen \u00e4r avsedda f\u00f6r f\u00f6rpackningar av metall, plast, glas och kartong. Detta inneb\u00e4r att t ex tr\u00e4dg\u00e5rdsm\u00f6bler tillverkade av plast inte ska l\u00e4ggas i k\u00e4llsorteringen f\u00f6r plastf\u00f6rpackningar och att hush\u00e5llsmaskiner, \u00e4ven om de r\u00e5kar vara tillverkade av metall, inte ska l\u00e4ggas i k\u00e4rlen f\u00f6r metallf\u00f6rpackningar i v\u00e5ra soprum utan ska l\u00e4mnas p\u00e5 \u00e5tervinningsg\u00e5rden<\/li>\n<li>Komprimera mj\u00f6lk-, juice- och yoghurtf\u00f6rpackningar och andra kartongf\u00f6rpackningar innan ni l\u00e4gger dem i k\u00e4rlen f\u00f6r k\u00e4llsortering<\/li>\n<li>Komprimera st\u00f6rre kartonger innan ni l\u00e4gger dem i kartongh\u00e4ckarna<\/li>\n<\/ul>\n<p>F\u00f6r det organiska avfallet g\u00e4ller att:<\/p>\n<ul>\n<li>Avfallet skall vara s\u00e5 torrt som m\u00f6jligt n\u00e4r det l\u00e4ggs i k\u00e4rlet. Konkret inneb\u00e4r detta att man b\u00f6r l\u00e5ta avfallet rinna av ordentligt i vasken innan man l\u00e4gger det i p\u00e5sen.<\/li>\n<li>\u00d6verfyll inte p\u00e5sarna utan respektera den maximiniv\u00e5 som markeras p\u00e5 p\u00e5sen. Var ocks\u00e5 noga med att vika ihop och f\u00f6rsluta p\u00e5sen innan den l\u00e4ggs i k\u00e4rlet.<\/li>\n<\/ul>\n<h2>Tr\u00e4dg\u00e5rdsavfall<\/h2>\n<p>Vid v\u00e4ndplatsen p\u00e5 Nejlikev\u00e4gen finns en inneslutning med 5 tunnor f\u00f6r tr\u00e4dg\u00e5rdsavfall. N\u00e4r dessa \u00e4r fulla f\u00e5r man antingen v\u00e4nta med att l\u00e4mna avfall tills tunnorna blivit t\u00f6mda, alternativt i egen regi ta avfallet till \u00e5tervinningsg\u00e5rden. Det \u00e4r inte till\u00e5tet att l\u00e4mna s\u00e4ckar vid sidan av tunnorna. Din husnyckel passar b\u00e5de till portens l\u00e5s, samt stegarna.<\/p>\n<h2><\/h2>\n<\/div>\n<\/div><\/div><\/div><\/div><\/div>","protected":false},"excerpt":{"rendered":"<p>Sophantering Vi har tv\u00e5 sophus f\u00f6r k\u00e4llsortering p\u00e5 omr\u00e5det. D\u00e4r kan man ocks\u00e5 h\u00e4mta pappersp\u00e5sar f\u00f6r organiskt avfall. Var noggrann med att l\u00e5sa och h\u00e5lla ordning i soprummen. Observera att k\u00e4llsorteringen avser hush\u00e5llsavfall. Gr\u00f6vre avfall (grovsopor som t ex m\u00f6bler, elektronik, maskiner etc) f\u00e5r inte l\u00e4mnas i soprummen utan ska l\u00e4mnas p\u00e5 \u00e5tervinningsg\u00e5rden. Ordningen i [&hellip;]<\/p>\n","protected":false},"author":1,"featured_media":0,"parent":0,"menu_order":0,"comment_status":"closed","ping_status":"closed","template":"home-panels.php","meta":{"_mi_skip_tracking":false},"_links":{"self":[{"href":"https:\/\/domarringen.eu\/index.php\/wp-json\/wp\/v2\/pages\/400"}],"collection":[{"href":"https:\/\/domarringen.eu\/index.php\/wp-json\/wp\/v2\/pages"}],"about":[{"href":"https:\/\/domarringen.eu\/index.php\/wp-json\/wp\/v2\/types\/page"}],"author":[{"embeddable":true,"href":"https:\/\/domarringen.eu\/index.php\/wp-json\/wp\/v2\/users\/1"}],"replies":[{"embeddable":true,"href":"https:\/\/domarringen.eu\/index.php\/wp-json\/wp\/v2\/comments?post=400"}],"version-history":[{"count":4,"href":"https:\/\/domarringen.eu\/index.php\/wp-json\/wp\/v2\/pages\/400\/revisions"}],"predecessor-version":[{"id":522,"href":"https:\/\/domarringen.eu\/index.php\/wp-json\/wp\/v2\/pages\/400\/revisions\/522"}],"wp:attachment":[{"href":"https:\/\/domarringen.eu\/index.php\/wp-json\/wp\/v2\/media?parent=400"}],"curies":[{"name":"wp","href":"https:\/\/api.w.org\/{rel}","templated":true}]}}