{"id":667,"date":"2025-04-14T15:01:36","date_gmt":"2025-04-14T13:01:36","guid":{"rendered":"https:\/\/domarringen.eu\/?page_id=667"},"modified":"2025-05-21T11:37:20","modified_gmt":"2025-05-21T09:37:20","slug":"valberedningen","status":"publish","type":"page","link":"https:\/\/domarringen.eu\/index.php\/valberedningen\/","title":{"rendered":"Valberedningen"},"content":{"rendered":"<p style=\"padding-left: 80px;\" data-inline=\"padding: 0px;color: rgb(30, 30, 30);font-size: 16px;font-family: Poppins, sans-serif;font-weight: 400;text-align: start;list-style-position: outside;line-height:170%; line-height: 1.7;margin: 0 0 10px\"><span class=\"\" style=\"display:block;clear:both;height: 0px;padding-top: 20px;border-top-width:0px;border-bottom-width:0px;\"><\/span><\/p>\n<p style=\"padding-left: 80px;\" data-inline=\"padding: 0px;color: rgb(30, 30, 30);font-size: 16px;font-family: Poppins, sans-serif;font-weight: 400;text-align: start;list-style-position: outside;line-height:170%; line-height: 1.7;margin: 0 0 10px\">Har du n\u00e5gra fr\u00e5gor, skicka ett mejl till: seth.hising@hotmail.com eller Robert.andersson2@hotmail.com<\/p>\n<p style=\"padding-left: 80px;\" data-inline=\"padding: 0px;color: rgb(30, 30, 30);font-size: 16px;font-family: Poppins, sans-serif;font-weight: 400;text-align: start;list-style-position: outside;line-height:170%; line-height: 1.7;margin: 0 0 10px\">\nStort tack f\u00f6r att du vill vara med och g\u00f6ra v\u00e5rt fina omr\u00e5de \u00e4nnu b\u00e4ttre!<br \/>\n\/ Andreas &amp; Robert<\/p>\n","protected":false},"excerpt":{"rendered":"<p>Har du n\u00e5gra fr\u00e5gor, skicka ett mejl till: seth.hising@hotmail.com eller Robert.andersson2@hotmail.com Stort tack f\u00f6r att du vill vara med och g\u00f6ra v\u00e5rt fina omr\u00e5de \u00e4nnu b\u00e4ttre! \/ Andreas &amp; Robert<\/p>\n","protected":false},"author":1,"featured_media":0,"parent":0,"menu_order":0,"comment_status":"closed","ping_status":"closed","template":"templates\/template-full-notitle.php","meta":{"_mi_skip_tracking":false},"_links":{"self":[{"href":"https:\/\/domarringen.eu\/index.php\/wp-json\/wp\/v2\/pages\/667"}],"collection":[{"href":"https:\/\/domarringen.eu\/index.php\/wp-json\/wp\/v2\/pages"}],"about":[{"href":"https:\/\/domarringen.eu\/index.php\/wp-json\/wp\/v2\/types\/page"}],"author":[{"embeddable":true,"href":"https:\/\/domarringen.eu\/index.php\/wp-json\/wp\/v2\/users\/1"}],"replies":[{"embeddable":true,"href":"https:\/\/domarringen.eu\/index.php\/wp-json\/wp\/v2\/comments?post=667"}],"version-history":[{"count":11,"href":"https:\/\/domarringen.eu\/index.php\/wp-json\/wp\/v2\/pages\/667\/revisions"}],"predecessor-version":[{"id":689,"href":"https:\/\/domarringen.eu\/index.php\/wp-json\/wp\/v2\/pages\/667\/revisions\/689"}],"wp:attachment":[{"href":"https:\/\/domarringen.eu\/index.php\/wp-json\/wp\/v2\/media?parent=667"}],"curies":[{"name":"wp","href":"https:\/\/api.w.org\/{rel}","templated":true}]}}