{"id":7,"date":"2015-04-27T11:15:37","date_gmt":"2015-04-27T09:15:37","guid":{"rendered":"http:\/\/engineertroops.no-ip.org\/sida\/?page_id=7"},"modified":"2024-08-29T08:02:09","modified_gmt":"2024-08-29T06:02:09","slug":"styrelsen","status":"publish","type":"page","link":"https:\/\/domarringen.eu\/index.php\/styrelsen\/","title":{"rendered":"Styrelsen"},"content":{"rendered":"<div id=\"pl-7\"  class=\"panel-layout\" ><div id=\"pg-7-0\"  class=\"panel-grid panel-no-style\" ><div id=\"pgc-7-0-0\"  class=\"panel-grid-cell\" ><div id=\"panel-7-0-0-0\" class=\"so-panel widget widget_siteorigin-panels-builder panel-first-child panel-last-child\" data-index=\"0\" ><div class=\"panel-widget-style panel-widget-style-for-7-0-0-0\" ><div id=\"pl-w6663eec0c1881\"  class=\"panel-layout\" ><div id=\"pg-w6663eec0c1881-0\"  class=\"panel-grid panel-no-style\" ><div id=\"pgc-w6663eec0c1881-0-0\"  class=\"panel-grid-cell\" ><div id=\"panel-w6663eec0c1881-0-0-0\" class=\"so-panel widget widget_black-studio-tinymce widget_black_studio_tinymce panel-first-child panel-last-child\" data-index=\"0\" ><div class=\"textwidget\"><p style=\"text-align: left; padding-left: 120px;\"><span class=\"\" style=\"display:block;clear:both;height: 0px;padding-top: 20px;border-top-width:0px;border-bottom-width:0px;\"><\/span><\/p>\n<p><strong>Ordf\u00f6rande<\/strong><\/p>\n<p>Magnus \u00c5kesson, Nejlikev\u00e4gen 66, ordforande@domarringen.eu<\/p>\n<p><strong>Ordinarie ledam\u00f6ter<\/strong><\/p>\n<p>Magnus \u00c5kesson, Nejlikev\u00e4gen 66<\/p>\n<p>Johan Lundkvist, Nejlikev\u00e4gen 62<\/p>\n<p>Katrin Borgstr\u00f6m, Dahliav\u00e4gen 30<\/p>\n<p>Jonas Hansson, Nejlikev\u00e4gen 68<\/p>\n<p>Johan Edelberg, Nejlikev\u00e4gen 56C<\/p>\n<p><strong>Suppleanter<\/strong><\/p>\n<p>Gunilla Clason,\u00a0Nejlikev\u00e4gen 68<\/p>\n<p>Mikael Pre\u00fctz, Nejlikev\u00e4gen 60<\/p>\n<p>Emely Lindholm, Dahliav\u00e4gen 4<\/p>\n<p><strong>Valberedning<\/strong><\/p>\n<p>Andreas Seth, Dahliav\u00e4gen 16<\/p>\n<p>Roberth Amberg, Dahliav\u00e4gen 20<\/p>\n<p><strong>Revisorer<\/strong><\/p>\n<p>Simon Jaldefjord, Dahliav\u00e4gen 8<\/p>\n<p>M\u00e5rten Persson, Nejlikev\u00e4gen 56D<\/p>\n<p><strong>Revisorers suppleanter<\/strong><\/p>\n<p>--vakant--<\/p>\n<p>--vakant--<\/p>\n<p style=\"text-align: left; padding-left: 120px;\">\n<\/div><\/div><\/div><\/div><\/div><\/div><\/div><\/div><div id=\"pgc-7-0-1\"  class=\"panel-grid-cell\" ><div id=\"panel-7-0-1-0\" class=\"so-panel widget widget_sow-image panel-first-child\" data-index=\"1\" ><div\n\t\t\t\n\t\t\tclass=\"so-widget-sow-image so-widget-sow-image-default-8b5b6f678277-7\"\n\t\t\t\n\t\t>\n<div class=\"sow-image-container\">\n\t\t<img src=\"https:\/\/domarringen.eu\/wp-content\/uploads\/2015\/04\/styrelsebild-300x193.png\" width=\"300\" height=\"193\" srcset=\"https:\/\/domarringen.eu\/wp-content\/uploads\/2015\/04\/styrelsebild-300x193.png 300w, https:\/\/domarringen.eu\/wp-content\/uploads\/2015\/04\/styrelsebild.png 400w\" sizes=\"(max-width: 300px) 100vw, 300px\" alt=\"\" loading=\"lazy\" \t\tclass=\"so-widget-image\"\/>\n\t<\/div>\n\n<\/div><\/div><div id=\"panel-7-0-1-1\" class=\"so-panel widget widget_black-studio-tinymce widget_black_studio_tinymce\" data-index=\"2\" ><div class=\"textwidget\"><h2><span class=\"\" style=\"display:block;clear:both;height: 0px;padding-top: 20px;border-top-width:0px;border-bottom-width:0px;\"><\/span><\/h2>\n<h2>Styrelsen uppdrag<\/h2>\n<p>\u00c4r att f\u00f6rvalta v\u00e5r gemensamma gr\u00f6nytor, parkeringsplatser, vattenledningar samt f\u00f6rr\u00e5d, soprum och l\u00e4genhet.<\/p>\n<\/div><\/div><div id=\"panel-7-0-1-2\" class=\"so-panel widget widget_black-studio-tinymce widget_black_studio_tinymce panel-last-child\" data-index=\"3\" ><div class=\"textwidget\"><h2><span class=\"\" style=\"display:block;clear:both;height: 0px;padding-top: 20px;border-top-width:0px;border-bottom-width:0px;\"><\/span><\/h2>\n<h2>\u00c5rsst\u00e4mma<\/h2>\n<p>Enligt samf\u00e4llighetsf\u00f6reningens stadgar har vi \u00e5rsst\u00e4mma senast i april varje \u00e5r. P\u00e5 st\u00e4mman g\u00e5r vi igenom och fastst\u00e4ller bokslutet f\u00f6r f\u00f6reg\u00e5ende \u00e5r, budgeten f\u00f6r innevarande \u00e5r, beslutar om avgifter och f\u00f6rb\u00e4ttringsprojekt samt utser styrelse och revisorer f\u00f6r samf\u00e4llighetsf\u00f6reningen.<\/p>\n<\/div><\/div><\/div><\/div><\/div>","protected":false},"excerpt":{"rendered":"<p>Styrelsen uppdrag \u00c4r att f\u00f6rvalta v\u00e5r gemensamma gr\u00f6nytor, parkeringsplatser, vattenledningar samt f\u00f6rr\u00e5d, soprum och l\u00e4genhet. \u00c5rsst\u00e4mmaEnligt samf\u00e4llighetsf\u00f6reningens stadgar har vi \u00e5rsst\u00e4mma senast i april varje \u00e5r. P\u00e5 st\u00e4mman g\u00e5r vi igenom och fastst\u00e4ller bokslutet f\u00f6r f\u00f6reg\u00e5ende \u00e5r, budgeten f\u00f6r innevarande \u00e5r, beslutar om avgifter och f\u00f6rb\u00e4ttringsprojekt samt utser styrelse och revisorer f\u00f6r samf\u00e4llighetsf\u00f6reningen.<\/p>\n","protected":false},"author":1,"featured_media":0,"parent":0,"menu_order":0,"comment_status":"open","ping_status":"open","template":"home-panels.php","meta":{"_mi_skip_tracking":false},"_links":{"self":[{"href":"https:\/\/domarringen.eu\/index.php\/wp-json\/wp\/v2\/pages\/7"}],"collection":[{"href":"https:\/\/domarringen.eu\/index.php\/wp-json\/wp\/v2\/pages"}],"about":[{"href":"https:\/\/domarringen.eu\/index.php\/wp-json\/wp\/v2\/types\/page"}],"author":[{"embeddable":true,"href":"https:\/\/domarringen.eu\/index.php\/wp-json\/wp\/v2\/users\/1"}],"replies":[{"embeddable":true,"href":"https:\/\/domarringen.eu\/index.php\/wp-json\/wp\/v2\/comments?post=7"}],"version-history":[{"count":32,"href":"https:\/\/domarringen.eu\/index.php\/wp-json\/wp\/v2\/pages\/7\/revisions"}],"predecessor-version":[{"id":641,"href":"https:\/\/domarringen.eu\/index.php\/wp-json\/wp\/v2\/pages\/7\/revisions\/641"}],"wp:attachment":[{"href":"https:\/\/domarringen.eu\/index.php\/wp-json\/wp\/v2\/media?parent=7"}],"curies":[{"name":"wp","href":"https:\/\/api.w.org\/{rel}","templated":true}]}}